{"id":126,"date":"2025-07-10T14:13:37","date_gmt":"2025-07-10T14:13:37","guid":{"rendered":"https:\/\/studiomanifiesto.com\/?post_type=product&#038;p=126"},"modified":"2025-08-05T10:28:59","modified_gmt":"2025-08-05T16:28:59","slug":"sketches","status":"publish","type":"product","link":"https:\/\/studiomanifiesto.com\/index.php\/product\/sketches\/","title":{"rendered":"Sketches"},"content":{"rendered":"<p class=\"p1\">No hay reglas. No hay l\u00edmites. Solo t\u00fa y el papel. <i>Manifiesto Sketches<\/i> es m\u00e1s que un libro para colorear: es un cuaderno de creatividad libre, una invitaci\u00f3n abierta a dibujar, bocetar, escribir o experimentar.<\/p>\n<p class=\"p1\">Contiene p\u00e1ginas dise\u00f1adas con gu\u00edas suaves que sirven como punto de partida para quienes quieren practicar t\u00e9cnica, desarrollar personajes, hacer arte intuitivo o simplemente soltar la mano sin presi\u00f3n.<\/p>\n<p class=\"p1\">Perfecto para adolescentes, estudiantes de arte, dise\u00f1adores o cualquier persona que necesite un espacio creativo sin exigencias. Su formato vers\u00e1til lo convierte en una herramienta para liberar ideas, explorar estilos o simplemente desconectarse mientras el l\u00e1piz fluye.<\/p>\n","protected":false},"excerpt":{"rendered":"<p class=\"p1\">Cuaderno creativo con trazos gu\u00eda para dibujar, practicar o explorar tu estilo. Tu espacio libre para soltar la mano y dejar fluir las ideas.<\/p>\n","protected":false},"featured_media":127,"template":"","meta":{"site-sidebar-layout":"default","site-content-layout":"","ast-site-content-layout":"default","site-content-style":"default","site-sidebar-style":"default","ast-global-header-display":"","ast-banner-title-visibility":"","ast-main-header-display":"","ast-hfb-above-header-display":"","ast-hfb-below-header-display":"","ast-hfb-mobile-header-display":"","site-post-title":"","ast-breadcrumbs-content":"","ast-featured-img":"","footer-sml-layout":"","theme-transparent-header-meta":"default","adv-header-id-meta":"","stick-header-meta":"default","header-above-stick-meta":"","header-main-stick-meta":"","header-below-stick-meta":"","astra-migrate-meta-layouts":"set","ast-page-background-enabled":"default","ast-page-background-meta":{"desktop":{"background-color":"var(--ast-global-color-5)","background-image":"","background-repeat":"repeat","background-position":"center center","background-size":"auto","background-attachment":"scroll","background-type":"","background-media":"","overlay-type":"","overlay-color":"","overlay-opacity":"","overlay-gradient":""},"tablet":{"background-color":"","background-image":"","background-repeat":"repeat","background-position":"center center","background-size":"auto","background-attachment":"scroll","background-type":"","background-media":"","overlay-type":"","overlay-color":"","overlay-opacity":"","overlay-gradient":""},"mobile":{"background-color":"","background-image":"","background-repeat":"repeat","background-position":"center center","background-size":"auto","background-attachment":"scroll","background-type":"","background-media":"","overlay-type":"","overlay-color":"","overlay-opacity":"","overlay-gradient":""}},"ast-content-background-meta":{"desktop":{"background-color":"var(--ast-global-color-4)","background-image":"","background-repeat":"repeat","background-position":"center center","background-size":"auto","background-attachment":"scroll","background-type":"","background-media":"","overlay-type":"","overlay-color":"","overlay-opacity":"","overlay-gradient":""},"tablet":{"background-color":"var(--ast-global-color-4)","background-image":"","background-repeat":"repeat","background-position":"center center","background-size":"auto","background-attachment":"scroll","background-type":"","background-media":"","overlay-type":"","overlay-color":"","overlay-opacity":"","overlay-gradient":""},"mobile":{"background-color":"var(--ast-global-color-4)","background-image":"","background-repeat":"repeat","background-position":"center center","background-size":"auto","background-attachment":"scroll","background-type":"","background-media":"","overlay-type":"","overlay-color":"","overlay-opacity":"","overlay-gradient":""}}},"product_brand":[],"product_cat":[19],"product_tag":[],"class_list":{"0":"post-126","1":"product","2":"type-product","3":"status-publish","4":"has-post-thumbnail","6":"product_cat-manifiesto","7":"desktop-align-center","8":"tablet-align-left","9":"mobile-align-left","11":"first","12":"instock","13":"shipping-taxable","14":"purchasable","15":"product-type-simple"},"_links":{"self":[{"href":"https:\/\/studiomanifiesto.com\/index.php\/wp-json\/wp\/v2\/product\/126","targetHints":{"allow":["GET"]}}],"collection":[{"href":"https:\/\/studiomanifiesto.com\/index.php\/wp-json\/wp\/v2\/product"}],"about":[{"href":"https:\/\/studiomanifiesto.com\/index.php\/wp-json\/wp\/v2\/types\/product"}],"wp:featuredmedia":[{"embeddable":true,"href":"https:\/\/studiomanifiesto.com\/index.php\/wp-json\/wp\/v2\/media\/127"}],"wp:attachment":[{"href":"https:\/\/studiomanifiesto.com\/index.php\/wp-json\/wp\/v2\/media?parent=126"}],"wp:term":[{"taxonomy":"product_brand","embeddable":true,"href":"https:\/\/studiomanifiesto.com\/index.php\/wp-json\/wp\/v2\/product_brand?post=126"},{"taxonomy":"product_cat","embeddable":true,"href":"https:\/\/studiomanifiesto.com\/index.php\/wp-json\/wp\/v2\/product_cat?post=126"},{"taxonomy":"product_tag","embeddable":true,"href":"https:\/\/studiomanifiesto.com\/index.php\/wp-json\/wp\/v2\/product_tag?post=126"}],"curies":[{"name":"wp","href":"https:\/\/api.w.org\/{rel}","templated":true}]}}