{"id":110,"date":"2025-07-10T14:09:06","date_gmt":"2025-07-10T14:09:06","guid":{"rendered":"https:\/\/studiomanifiesto.com\/?post_type=product&#038;p=110"},"modified":"2025-07-16T21:26:44","modified_gmt":"2025-07-17T03:26:44","slug":"cartoons","status":"publish","type":"product","link":"https:\/\/studiomanifiesto.com\/index.php\/product\/cartoons\/","title":{"rendered":"Cartoons"},"content":{"rendered":"<p class=\"p1\"><i>Manifiesto Cartoons<\/i> es una explosi\u00f3n de color, humor y creatividad. Este libro est\u00e1 lleno de ilustraciones con estilo caricaturesco, expresivo y moderno, dise\u00f1adas para conectar con la imaginaci\u00f3n de ni\u00f1os, ni\u00f1as y preadolescentes con alma art\u00edstica.<\/p>\n<p class=\"p1\">Cada personaje, escena y figura es una invitaci\u00f3n a inventar historias, explorar emociones y soltar la mano con confianza. Es el tipo de libro que despierta carcajadas y concentraci\u00f3n al mismo tiempo, perfecto para tardes en casa o como regalo \u00fanico.<\/p>\n<p class=\"p1\">Las ilustraciones tienen un balance entre detalle y libertad, permitiendo que cada ni\u00f1o lo personalice a su manera. Compatible con crayones, plumones o l\u00e1pices de colores. Ideal para peques con energ\u00eda creativa desbordante.<\/p>\n","protected":false},"excerpt":{"rendered":"<p class=\"p1\">Un libro lleno de personajes divertidos y expresivos que invitan a imaginar, crear y re\u00edr. Ideal para ni\u00f1os con mucha energ\u00eda creativa.<\/p>\n","protected":false},"featured_media":114,"template":"","meta":{"site-sidebar-layout":"default","site-content-layout":"","ast-site-content-layout":"default","site-content-style":"default","site-sidebar-style":"default","ast-global-header-display":"","ast-banner-title-visibility":"","ast-main-header-display":"","ast-hfb-above-header-display":"","ast-hfb-below-header-display":"","ast-hfb-mobile-header-display":"","site-post-title":"","ast-breadcrumbs-content":"","ast-featured-img":"","footer-sml-layout":"","theme-transparent-header-meta":"default","adv-header-id-meta":"","stick-header-meta":"","header-above-stick-meta":"","header-main-stick-meta":"","header-below-stick-meta":"","astra-migrate-meta-layouts":"set","ast-page-background-enabled":"default","ast-page-background-meta":{"desktop":{"background-color":"var(--ast-global-color-5)","background-image":"","background-repeat":"repeat","background-position":"center center","background-size":"auto","background-attachment":"scroll","background-type":"","background-media":"","overlay-type":"","overlay-color":"","overlay-opacity":"","overlay-gradient":""},"tablet":{"background-color":"","background-image":"","background-repeat":"repeat","background-position":"center center","background-size":"auto","background-attachment":"scroll","background-type":"","background-media":"","overlay-type":"","overlay-color":"","overlay-opacity":"","overlay-gradient":""},"mobile":{"background-color":"","background-image":"","background-repeat":"repeat","background-position":"center center","background-size":"auto","background-attachment":"scroll","background-type":"","background-media":"","overlay-type":"","overlay-color":"","overlay-opacity":"","overlay-gradient":""}},"ast-content-background-meta":{"desktop":{"background-color":"var(--ast-global-color-4)","background-image":"","background-repeat":"repeat","background-position":"center center","background-size":"auto","background-attachment":"scroll","background-type":"","background-media":"","overlay-type":"","overlay-color":"","overlay-opacity":"","overlay-gradient":""},"tablet":{"background-color":"var(--ast-global-color-4)","background-image":"","background-repeat":"repeat","background-position":"center center","background-size":"auto","background-attachment":"scroll","background-type":"","background-media":"","overlay-type":"","overlay-color":"","overlay-opacity":"","overlay-gradient":""},"mobile":{"background-color":"var(--ast-global-color-4)","background-image":"","background-repeat":"repeat","background-position":"center center","background-size":"auto","background-attachment":"scroll","background-type":"","background-media":"","overlay-type":"","overlay-color":"","overlay-opacity":"","overlay-gradient":""}}},"product_brand":[],"product_cat":[19],"product_tag":[],"class_list":{"0":"post-110","1":"product","2":"type-product","3":"status-publish","4":"has-post-thumbnail","6":"product_cat-manifiesto","7":"desktop-align-center","8":"tablet-align-left","9":"mobile-align-left","11":"first","12":"instock","13":"shipping-taxable","14":"purchasable","15":"product-type-simple"},"_links":{"self":[{"href":"https:\/\/studiomanifiesto.com\/index.php\/wp-json\/wp\/v2\/product\/110","targetHints":{"allow":["GET"]}}],"collection":[{"href":"https:\/\/studiomanifiesto.com\/index.php\/wp-json\/wp\/v2\/product"}],"about":[{"href":"https:\/\/studiomanifiesto.com\/index.php\/wp-json\/wp\/v2\/types\/product"}],"wp:featuredmedia":[{"embeddable":true,"href":"https:\/\/studiomanifiesto.com\/index.php\/wp-json\/wp\/v2\/media\/114"}],"wp:attachment":[{"href":"https:\/\/studiomanifiesto.com\/index.php\/wp-json\/wp\/v2\/media?parent=110"}],"wp:term":[{"taxonomy":"product_brand","embeddable":true,"href":"https:\/\/studiomanifiesto.com\/index.php\/wp-json\/wp\/v2\/product_brand?post=110"},{"taxonomy":"product_cat","embeddable":true,"href":"https:\/\/studiomanifiesto.com\/index.php\/wp-json\/wp\/v2\/product_cat?post=110"},{"taxonomy":"product_tag","embeddable":true,"href":"https:\/\/studiomanifiesto.com\/index.php\/wp-json\/wp\/v2\/product_tag?post=110"}],"curies":[{"name":"wp","href":"https:\/\/api.w.org\/{rel}","templated":true}]}}